{"id":3,"date":"2025-05-13T22:11:50","date_gmt":"2025-05-13T22:11:50","guid":{"rendered":"https:\/\/powermetrix.com.br\/blog\/?page_id=3"},"modified":"2025-05-23T22:20:30","modified_gmt":"2025-05-24T01:20:30","slug":"politica-de-privacidade","status":"publish","type":"page","link":"https:\/\/powermetrix.com.br\/blog\/politica-de-privacidade\/","title":{"rendered":"Pol\u00edtica de Privacidade"},"content":{"rendered":"\n<p>No\u00a0<strong>Qual Panela<\/strong>, levamos sua privacidade a s\u00e9rio \u2013 tanto quanto levamos uma panela antiaderente de qualidade. Esta p\u00e1gina explica,\u00a0<strong>sem juridiqu\u00eas chato<\/strong>, como coletamos, usamos e protegemos seus dados.<\/p>\n\n\n\n<h3 class=\"wp-block-heading\" id=\"h-o-que-coletamos\"><strong>\ud83d\udccc O Que Coletamos?<\/strong><\/h3>\n\n\n\n<ul class=\"wp-block-list\">\n<li><strong>Dados que voc\u00ea nos fornece<\/strong>: E-mail (se assinar nossa newsletter), nome (se comentar no blog).<\/li>\n\n\n\n<li><strong>Dados autom\u00e1ticos<\/strong>: Cookies (para personalizar sua experi\u00eancia) e informa\u00e7\u00f5es de acesso (via Google Analytics).<\/li>\n\n\n\n<li><strong>Nada sens\u00edvel<\/strong>: N\u00e3o pedimos CPF, endere\u00e7o ou n\u00famero de cart\u00e3o de cr\u00e9dito.<\/li>\n<\/ul>\n\n\n\n<h3 class=\"wp-block-heading\" id=\"h-como-usamos-seus-dados\"><strong>\ud83c\udf73 Como Usamos Seus Dados?<\/strong><\/h3>\n\n\n\n<ul class=\"wp-block-list\">\n<li>Para enviar conte\u00fados \u00fateis (se voc\u00ea pediu).<\/li>\n\n\n\n<li>Para melhorar nosso site (ex.: descobrir quais panelas voc\u00ea mais pesquisa).<\/li>\n\n\n\n<li><strong>Nunca<\/strong>\u00a0vendemos ou compartilhamos seus dados com terceiros (odeio spam tanto quanto voc\u00ea).<\/li>\n<\/ul>\n\n\n\n<h3 class=\"wp-block-heading\" id=\"h-direitos-seus-sim-voce-tem-controle\"><strong>\ud83d\udd12 Direitos Seus (Sim, Voc\u00ea Tem Controle!)<\/strong><\/h3>\n\n\n\n<ul class=\"wp-block-list\">\n<li><strong>Cancelar newsletter<\/strong>: Um clique no link &#8220;descadastrar&#8221; resolve.<\/li>\n\n\n\n<li><strong>Solicitar exclus\u00e3o de dados<\/strong>: Mande um e-mail para [<a href=\"https:\/\/mailto:contato@powermetrix.com.br\/blog\/\" target=\"_blank\" rel=\"noreferrer noopener\">contato@powermetrix.com.br\/blog<\/a>].<\/li>\n<\/ul>\n\n\n\n<p><strong>Cookies?<\/strong>&nbsp;Usamos s\u00f3 os essenciais (nada que espione sua vida). Se quiser, pode bloquear no seu navegador \u2013 mas o site pode ficar meio &#8220;torto&#8221;.<\/p>\n\n\n\n<p><strong>D\u00favidas?<\/strong>\u00a0Mande um al\u00f4 para [<a href=\"https:\/\/mailto:contato@powermetrix.com.br\/blog\/\" target=\"_blank\" rel=\"noreferrer noopener\">contato@powermetrix.com.br\/blog<\/a>]. Atualizamos esta pol\u00edtica em\u00a0<strong>[23\/05\/2025]<\/strong>.<\/p>\n\n\n\n<p><\/p>\n","protected":false},"excerpt":{"rendered":"No\u00a0Qual Panela, levamos sua privacidade a s\u00e9rio \u2013 tanto quanto levamos uma panela antiaderente de qualidade. Esta p\u00e1gina&hellip;","protected":false},"author":1,"featured_media":0,"parent":0,"menu_order":0,"comment_status":"closed","ping_status":"open","template":"","meta":{"_uf_show_specific_survey":0,"_uf_disable_surveys":false,"_monsterinsights_skip_tracking":false,"_monsterinsights_sitenote_active":false,"_monsterinsights_sitenote_note":"","_monsterinsights_sitenote_category":0,"csco_singular_sidebar":"","csco_page_header_type":"","csco_page_load_nextpost":"","footnotes":""},"class_list":{"0":"post-3","1":"page","2":"type-page","3":"status-publish","5":"cs-entry"},"yoast_head":"<!-- This site is optimized with the Yoast SEO Premium plugin v25.0 (Yoast SEO v25.1) - https:\/\/yoast.com\/wordpress\/plugins\/seo\/ -->\n<title>Pol\u00edtica de Privacidade - PowerMetrix | Blog<\/title>\n<meta name=\"robots\" content=\"index, follow, max-snippet:-1, max-image-preview:large, max-video-preview:-1\" \/>\n<link rel=\"canonical\" href=\"https:\/\/powermetrix.com.br\/blog\/politica-de-privacidade\/\" \/>\n<meta property=\"og:locale\" content=\"pt_BR\" \/>\n<meta property=\"og:type\" content=\"article\" \/>\n<meta property=\"og:title\" content=\"Pol\u00edtica de Privacidade\" \/>\n<meta property=\"og:description\" content=\"No\u00a0Qual Panela, levamos sua privacidade a s\u00e9rio \u2013 tanto quanto levamos uma panela antiaderente de qualidade. Esta p\u00e1gina&hellip;\" \/>\n<meta property=\"og:url\" content=\"https:\/\/powermetrix.com.br\/blog\/politica-de-privacidade\/\" \/>\n<meta property=\"og:site_name\" content=\"PowerMetrix | Blog\" \/>\n<meta property=\"article:modified_time\" content=\"2025-05-24T01:20:30+00:00\" \/>\n<meta property=\"og:image\" content=\"https:\/\/powermetrix.com.br\/blog\/wp-content\/uploads\/2025\/05\/qpcover.webp\" \/>\n\t<meta property=\"og:image:width\" content=\"1472\" \/>\n\t<meta property=\"og:image:height\" content=\"832\" \/>\n\t<meta property=\"og:image:type\" content=\"image\/png\" \/>\n<meta name=\"twitter:card\" content=\"summary_large_image\" \/>\n<meta name=\"twitter:label1\" content=\"Est. tempo de leitura\" \/>\n\t<meta name=\"twitter:data1\" content=\"2 minutos\" \/>\n<script type=\"application\/ld+json\" class=\"yoast-schema-graph\">{\"@context\":\"https:\/\/schema.org\",\"@graph\":[{\"@type\":\"WebPage\",\"@id\":\"https:\/\/powermetrix.com.br\/blog\/politica-de-privacidade\/\",\"url\":\"https:\/\/powermetrix.com.br\/blog\/politica-de-privacidade\/\",\"name\":\"Pol\u00edtica de Privacidade - PowerMetrix | Blog\",\"isPartOf\":{\"@id\":\"https:\/\/powermetrix.com.br\/blog\/#website\"},\"datePublished\":\"2025-05-13T22:11:50+00:00\",\"dateModified\":\"2025-05-24T01:20:30+00:00\",\"breadcrumb\":{\"@id\":\"https:\/\/powermetrix.com.br\/blog\/politica-de-privacidade\/#breadcrumb\"},\"inLanguage\":\"pt-BR\",\"potentialAction\":[{\"@type\":\"ReadAction\",\"target\":[\"https:\/\/powermetrix.com.br\/blog\/politica-de-privacidade\/\"]}]},{\"@type\":\"BreadcrumbList\",\"@id\":\"https:\/\/powermetrix.com.br\/blog\/politica-de-privacidade\/#breadcrumb\",\"itemListElement\":[{\"@type\":\"ListItem\",\"position\":1,\"name\":\"In\u00edcio\",\"item\":\"https:\/\/powermetrix.com.br\/blog\/\"},{\"@type\":\"ListItem\",\"position\":2,\"name\":\"Pol\u00edtica de Privacidade\"}]},{\"@type\":\"WebSite\",\"@id\":\"https:\/\/powermetrix.com.br\/blog\/#website\",\"url\":\"https:\/\/powermetrix.com.br\/blog\/\",\"name\":\"Qual Panela?\",\"description\":\"Gest\u00e3o inteligente de neg\u00f3cios com PowerBI\",\"publisher\":{\"@id\":\"https:\/\/powermetrix.com.br\/blog\/#organization\"},\"potentialAction\":[{\"@type\":\"SearchAction\",\"target\":{\"@type\":\"EntryPoint\",\"urlTemplate\":\"https:\/\/powermetrix.com.br\/blog\/?s={search_term_string}\"},\"query-input\":{\"@type\":\"PropertyValueSpecification\",\"valueRequired\":true,\"valueName\":\"search_term_string\"}}],\"inLanguage\":\"pt-BR\"},{\"@type\":\"Organization\",\"@id\":\"https:\/\/powermetrix.com.br\/blog\/#organization\",\"name\":\"MidiaHub Network\",\"url\":\"https:\/\/powermetrix.com.br\/blog\/\",\"logo\":{\"@type\":\"ImageObject\",\"inLanguage\":\"pt-BR\",\"@id\":\"https:\/\/powermetrix.com.br\/blog\/#\/schema\/logo\/image\/\",\"url\":\"https:\/\/powermetrix.com.br\/blog\/wp-content\/uploads\/2025\/05\/logo-2-e1747274966236.webp\",\"contentUrl\":\"https:\/\/powermetrix.com.br\/blog\/wp-content\/uploads\/2025\/05\/logo-2-e1747274966236.webp\",\"width\":1860,\"height\":336,\"caption\":\"MidiaHub Network\"},\"image\":{\"@id\":\"https:\/\/powermetrix.com.br\/blog\/#\/schema\/logo\/image\/\"}}]}<\/script>\n<!-- \/ Yoast SEO Premium plugin. -->","yoast_head_json":{"title":"Pol\u00edtica de Privacidade - PowerMetrix | Blog","robots":{"index":"index","follow":"follow","max-snippet":"max-snippet:-1","max-image-preview":"max-image-preview:large","max-video-preview":"max-video-preview:-1"},"canonical":"https:\/\/powermetrix.com.br\/blog\/politica-de-privacidade\/","og_locale":"pt_BR","og_type":"article","og_title":"Pol\u00edtica de Privacidade","og_description":"No\u00a0Qual Panela, levamos sua privacidade a s\u00e9rio \u2013 tanto quanto levamos uma panela antiaderente de qualidade. Esta p\u00e1gina&hellip;","og_url":"https:\/\/powermetrix.com.br\/blog\/politica-de-privacidade\/","og_site_name":"PowerMetrix | Blog","article_modified_time":"2025-05-24T01:20:30+00:00","og_image":[{"width":1472,"height":832,"url":"https:\/\/powermetrix.com.br\/blog\/wp-content\/uploads\/2025\/05\/qpcover.webp","type":"image\/png"}],"twitter_card":"summary_large_image","twitter_misc":{"Est. tempo de leitura":"2 minutos"},"schema":{"@context":"https:\/\/schema.org","@graph":[{"@type":"WebPage","@id":"https:\/\/powermetrix.com.br\/blog\/politica-de-privacidade\/","url":"https:\/\/powermetrix.com.br\/blog\/politica-de-privacidade\/","name":"Pol\u00edtica de Privacidade - PowerMetrix | Blog","isPartOf":{"@id":"https:\/\/powermetrix.com.br\/blog\/#website"},"datePublished":"2025-05-13T22:11:50+00:00","dateModified":"2025-05-24T01:20:30+00:00","breadcrumb":{"@id":"https:\/\/powermetrix.com.br\/blog\/politica-de-privacidade\/#breadcrumb"},"inLanguage":"pt-BR","potentialAction":[{"@type":"ReadAction","target":["https:\/\/powermetrix.com.br\/blog\/politica-de-privacidade\/"]}]},{"@type":"BreadcrumbList","@id":"https:\/\/powermetrix.com.br\/blog\/politica-de-privacidade\/#breadcrumb","itemListElement":[{"@type":"ListItem","position":1,"name":"In\u00edcio","item":"https:\/\/powermetrix.com.br\/blog\/"},{"@type":"ListItem","position":2,"name":"Pol\u00edtica de Privacidade"}]},{"@type":"WebSite","@id":"https:\/\/powermetrix.com.br\/blog\/#website","url":"https:\/\/powermetrix.com.br\/blog\/","name":"Qual Panela?","description":"Gest\u00e3o inteligente de neg\u00f3cios com PowerBI","publisher":{"@id":"https:\/\/powermetrix.com.br\/blog\/#organization"},"potentialAction":[{"@type":"SearchAction","target":{"@type":"EntryPoint","urlTemplate":"https:\/\/powermetrix.com.br\/blog\/?s={search_term_string}"},"query-input":{"@type":"PropertyValueSpecification","valueRequired":true,"valueName":"search_term_string"}}],"inLanguage":"pt-BR"},{"@type":"Organization","@id":"https:\/\/powermetrix.com.br\/blog\/#organization","name":"MidiaHub Network","url":"https:\/\/powermetrix.com.br\/blog\/","logo":{"@type":"ImageObject","inLanguage":"pt-BR","@id":"https:\/\/powermetrix.com.br\/blog\/#\/schema\/logo\/image\/","url":"https:\/\/powermetrix.com.br\/blog\/wp-content\/uploads\/2025\/05\/logo-2-e1747274966236.webp","contentUrl":"https:\/\/powermetrix.com.br\/blog\/wp-content\/uploads\/2025\/05\/logo-2-e1747274966236.webp","width":1860,"height":336,"caption":"MidiaHub Network"},"image":{"@id":"https:\/\/powermetrix.com.br\/blog\/#\/schema\/logo\/image\/"}}]}},"_links":{"self":[{"href":"https:\/\/powermetrix.com.br\/blog\/wp-json\/wp\/v2\/pages\/3","targetHints":{"allow":["GET"]}}],"collection":[{"href":"https:\/\/powermetrix.com.br\/blog\/wp-json\/wp\/v2\/pages"}],"about":[{"href":"https:\/\/powermetrix.com.br\/blog\/wp-json\/wp\/v2\/types\/page"}],"author":[{"embeddable":true,"href":"https:\/\/powermetrix.com.br\/blog\/wp-json\/wp\/v2\/users\/1"}],"replies":[{"embeddable":true,"href":"https:\/\/powermetrix.com.br\/blog\/wp-json\/wp\/v2\/comments?post=3"}],"version-history":[{"count":1,"href":"https:\/\/powermetrix.com.br\/blog\/wp-json\/wp\/v2\/pages\/3\/revisions"}],"predecessor-version":[{"id":1187,"href":"https:\/\/powermetrix.com.br\/blog\/wp-json\/wp\/v2\/pages\/3\/revisions\/1187"}],"wp:attachment":[{"href":"https:\/\/powermetrix.com.br\/blog\/wp-json\/wp\/v2\/media?parent=3"}],"curies":[{"name":"wp","href":"https:\/\/api.w.org\/{rel}","templated":true}]}}